{"id":532,"date":"2024-03-04T17:34:19","date_gmt":"2024-03-04T16:34:19","guid":{"rendered":"https:\/\/giromagico.com\/?page_id=532"},"modified":"2024-03-08T17:43:43","modified_gmt":"2024-03-08T16:43:43","slug":"aviso-legal","status":"publish","type":"page","link":"https:\/\/giromagico.com\/en\/aviso-legal\/","title":{"rendered":"Legal warning"},"content":{"rendered":"<div data-elementor-type=\"wp-page\" data-elementor-id=\"532\" class=\"elementor elementor-532\" data-elementor-post-type=\"page\">\n\t\t\t\t\t\t<section class=\"elementor-section elementor-top-section elementor-element elementor-element-3ff1b27c elementor-section-full_width elementor-section-height-default elementor-section-height-default\" data-id=\"3ff1b27c\" data-element_type=\"section\" data-settings=\"{&quot;background_background&quot;:&quot;classic&quot;}\">\n\t\t\t\t\t\t\t<div class=\"elementor-background-overlay\"><\/div>\n\t\t\t\t\t\t\t<div class=\"elementor-container elementor-column-gap-default\">\n\t\t\t\t\t<div class=\"elementor-column elementor-col-100 elementor-top-column elementor-element elementor-element-24b10bb\" data-id=\"24b10bb\" data-element_type=\"column\" data-settings=\"{&quot;background_background&quot;:&quot;classic&quot;}\">\n\t\t\t<div class=\"elementor-widget-wrap elementor-element-populated\">\n\t\t\t\t\t\t<section class=\"elementor-section elementor-inner-section elementor-element elementor-element-7aad160e elementor-section-boxed elementor-section-height-default elementor-section-height-default\" data-id=\"7aad160e\" data-element_type=\"section\">\n\t\t\t\t\t\t<div class=\"elementor-container elementor-column-gap-default\">\n\t\t\t\t\t<div class=\"elementor-column elementor-col-100 elementor-inner-column elementor-element elementor-element-2c82f52f\" data-id=\"2c82f52f\" data-element_type=\"column\">\n\t\t\t<div class=\"elementor-widget-wrap elementor-element-populated\">\n\t\t\t\t\t\t<div class=\"elementor-element elementor-element-2a184889 animated-slow elementor-view-default elementor-invisible elementor-widget elementor-widget-icon\" data-id=\"2a184889\" data-element_type=\"widget\" data-settings=\"{&quot;_animation&quot;:&quot;zoomIn&quot;}\" data-widget_type=\"icon.default\">\n\t\t\t\t<div class=\"elementor-widget-container\">\n\t\t\t\t\t\t\t<div class=\"elementor-icon-wrapper\">\n\t\t\t<div class=\"elementor-icon\">\n\t\t\t<i aria-hidden=\"true\" class=\"icofont icofont-tree-alt\"><\/i>\t\t\t<\/div>\n\t\t<\/div>\n\t\t\t\t\t\t<\/div>\n\t\t\t\t<\/div>\n\t\t\t\t<div class=\"elementor-element elementor-element-6557cc81 elementor-invisible elementor-widget elementor-widget-heading\" data-id=\"6557cc81\" data-element_type=\"widget\" data-settings=\"{&quot;_animation&quot;:&quot;fadeInUp&quot;}\" data-widget_type=\"heading.default\">\n\t\t\t\t<div class=\"elementor-widget-container\">\n\t\t\t\t\t<h1 class=\"elementor-heading-title elementor-size-default\">Legal warning<\/h1>\t\t\t\t<\/div>\n\t\t\t\t<\/div>\n\t\t\t\t\t<\/div>\n\t\t<\/div>\n\t\t\t\t\t<\/div>\n\t\t<\/section>\n\t\t\t\t\t<\/div>\n\t\t<\/div>\n\t\t\t\t\t<\/div>\n\t\t<\/section>\n\t\t<div class=\"elementor-element elementor-element-a91215c e-flex e-con-boxed e-con e-parent\" data-id=\"a91215c\" data-element_type=\"container\">\n\t\t\t\t\t<div class=\"e-con-inner\">\n\t\t\t\t<div class=\"elementor-element elementor-element-3c8c4f9 elementor-widget elementor-widget-text-editor\" data-id=\"3c8c4f9\" data-element_type=\"widget\" data-widget_type=\"text-editor.default\">\n\t\t\t\t<div class=\"elementor-widget-container\">\n\t\t\t\t\t\t\t\t\t<p><strong>Tax and Contact Identification:<\/strong><\/p>\n<p><b>Responsible for the company<\/b>: Silvia Ramos Castro (hereinafter Magical Giro)<\/p>\n<p><b>CIF<\/b>: 70938384T<\/p>\n<p><b>Home<\/b>: Calle El Regalo, S\/N 10700 Hev\u00e1s (C\u00e1ceres)<\/p>\n<p><b>Object<\/b>:<\/p>\n<p>This legal notice regulates the use and utilization of the website&nbsp;<b>giromagico.com<\/b>, of which Giro M\u00e1gico is the owner.<\/p>\n<p><b>Intellectual and Industrial Property<\/b>:<\/p>\n<p>He&nbsp;<b>content of this website<\/b>, including, among others, images, logos, graphics, animations, texts or applications, regardless of their format, programming language and form of representation, as well as the domain name <b>gyromagical<\/b><b>.com<\/b>&nbsp;are property of&nbsp;<b>Magic Twist,<\/b>&nbsp;or has acquired the corresponding rights from its owners, and are protected by international laws and treaties on intellectual and, where applicable, industrial property, as well as by the regulations governing domain names.<\/p>\n<p><b>Use of the Website<\/b>:<\/p>\n<p>The use of <b>gyromagical<\/b>.com implies full and unreserved acceptance of each and every one of the provisions included in this <b>Legal warning<\/b> in the version published by Giro M\u00e1gico at the time the user accesses the website. Consequently, the user must carefully read this Legal Notice on each occasion in which they intend to use the website, as it may be subject to modifications.<\/p>\n<p><b>Responsibility<\/b>:<\/p>\n<p>Giro M\u00e1gico is not responsible for any damages arising from the use of the contents of its website, with the user being solely responsible for any infringements that may be incurred or any harm that may be caused by the use of the same, exempting Giro M\u00e1gico from any liability derived from such acts.<\/p>\n<p><b>Contact<\/b>:<\/p>\n<p>For any questions or contact with Giro M\u00e1gico, users may contact us through the postal address indicated or by telephone 642 89 03 59 or email&nbsp;<span style=\"color: #484c50;\"><b>info@giromagico.com<\/b><\/span>.<\/p>\t\t\t\t\t\t\t\t<\/div>\n\t\t\t\t<\/div>\n\t\t\t\t\t<\/div>\n\t\t\t\t<\/div>\n\t\t\t\t<\/div>","protected":false},"excerpt":{"rendered":"<p>Identificaci\u00f3n Fiscal y de Contacto: Responsable de la empresa: Silvia Ramos Castro (en adelante Giro M\u00e1gico) CIF: 70938384T Domicilio: Calle El Regalo, S\/N 10700 Hev\u00e1s (C\u00e1ceres) Objeto: Este aviso legal regula el uso y la utilizaci\u00f3n del sitio web&nbsp;giromagico.com, del que es titular Giro M\u00e1gico. Propiedad Intelectual e Industrial: El&nbsp;contenido de este sitio web, incluyendo, [&hellip;]<\/p>","protected":false},"author":2,"featured_media":0,"parent":0,"menu_order":0,"comment_status":"closed","ping_status":"closed","template":"elementor_header_footer","meta":{"_joinchat":[],"footnotes":""},"class_list":["post-532","page","type-page","status-publish","hentry"],"yoast_head":"<!-- This site is optimized with the Yoast SEO Premium plugin v22.0 (Yoast SEO v26.7) - https:\/\/yoast.com\/wordpress\/plugins\/seo\/ -->\n<title>Aviso legal - Giro M\u00e1gico<\/title>\n<meta name=\"robots\" content=\"index, follow, max-snippet:-1, max-image-preview:large, max-video-preview:-1\" \/>\n<link rel=\"canonical\" href=\"https:\/\/giromagico.com\/en\/\" \/>\n<meta property=\"og:locale\" content=\"en_GB\" \/>\n<meta property=\"og:type\" content=\"article\" \/>\n<meta property=\"og:title\" content=\"Aviso legal\" \/>\n<meta property=\"og:description\" content=\"Identificaci\u00f3n Fiscal y de Contacto: Responsable de la empresa: Silvia Ramos Castro (en adelante Giro M\u00e1gico) CIF: 70938384T Domicilio: Calle El Regalo, S\/N 10700 Hev\u00e1s (C\u00e1ceres) Objeto: Este aviso legal regula el uso y la utilizaci\u00f3n del sitio web&nbsp;giromagico.com, del que es titular Giro M\u00e1gico. Propiedad Intelectual e Industrial: El&nbsp;contenido de este sitio web, incluyendo, [&hellip;]\" \/>\n<meta property=\"og:url\" content=\"https:\/\/giromagico.com\/en\/\" \/>\n<meta property=\"og:site_name\" content=\"Giro M\u00e1gico\" \/>\n<meta property=\"article:publisher\" content=\"https:\/\/www.facebook.com\/people\/Giro-Mgico\/pfbid0rbadr7hX81hxW5gEr6qvNoCbZtjtLPCmwwrF5joPFA6kva32kvALmAwkMt4hc6vxl\/\" \/>\n<meta property=\"article:modified_time\" content=\"2024-03-08T16:43:43+00:00\" \/>\n<meta name=\"twitter:card\" content=\"summary_large_image\" \/>\n<meta name=\"twitter:label1\" content=\"Estimated reading time\" \/>\n\t<meta name=\"twitter:data1\" content=\"2 minutes\" \/>\n<script type=\"application\/ld+json\" class=\"yoast-schema-graph\">{\"@context\":\"https:\/\/schema.org\",\"@graph\":[{\"@type\":\"WebPage\",\"@id\":\"https:\/\/giromagico.com\/\",\"url\":\"https:\/\/giromagico.com\/\",\"name\":\"Aviso legal - Giro M\u00e1gico\",\"isPartOf\":{\"@id\":\"https:\/\/giromagico.com\/#website\"},\"datePublished\":\"2024-03-04T16:34:19+00:00\",\"dateModified\":\"2024-03-08T16:43:43+00:00\",\"breadcrumb\":{\"@id\":\"https:\/\/giromagico.com\/#breadcrumb\"},\"inLanguage\":\"en-GB\",\"potentialAction\":[{\"@type\":\"ReadAction\",\"target\":[\"https:\/\/giromagico.com\/\"]}]},{\"@type\":\"BreadcrumbList\",\"@id\":\"https:\/\/giromagico.com\/#breadcrumb\",\"itemListElement\":[{\"@type\":\"ListItem\",\"position\":1,\"name\":\"Portada\",\"item\":\"https:\/\/giromagico.com\/\"},{\"@type\":\"ListItem\",\"position\":2,\"name\":\"Aviso legal\"}]},{\"@type\":\"WebSite\",\"@id\":\"https:\/\/giromagico.com\/#website\",\"url\":\"https:\/\/giromagico.com\/\",\"name\":\"Giro M\u00e1gico\",\"description\":\"\u00bf QUIERES TENER UN RECUERDO ORIGINAL Y DIVERTIDO DE TU FIESTA?\",\"publisher\":{\"@id\":\"https:\/\/giromagico.com\/#organization\"},\"potentialAction\":[{\"@type\":\"SearchAction\",\"target\":{\"@type\":\"EntryPoint\",\"urlTemplate\":\"https:\/\/giromagico.com\/?s={search_term_string}\"},\"query-input\":{\"@type\":\"PropertyValueSpecification\",\"valueRequired\":true,\"valueName\":\"search_term_string\"}}],\"inLanguage\":\"en-GB\"},{\"@type\":\"Organization\",\"@id\":\"https:\/\/giromagico.com\/#organization\",\"name\":\"Giro M\u00e1gico\",\"url\":\"https:\/\/giromagico.com\/\",\"logo\":{\"@type\":\"ImageObject\",\"inLanguage\":\"en-GB\",\"@id\":\"https:\/\/giromagico.com\/#\/schema\/logo\/image\/\",\"url\":\"https:\/\/giromagico.com\/wp-content\/uploads\/2024\/02\/NO_USAR-removebg-preview.png\",\"contentUrl\":\"https:\/\/giromagico.com\/wp-content\/uploads\/2024\/02\/NO_USAR-removebg-preview.png\",\"width\":320,\"height\":320,\"caption\":\"Giro M\u00e1gico\"},\"image\":{\"@id\":\"https:\/\/giromagico.com\/#\/schema\/logo\/image\/\"},\"sameAs\":[\"https:\/\/www.facebook.com\/people\/Giro-Mgico\/pfbid0rbadr7hX81hxW5gEr6qvNoCbZtjtLPCmwwrF5joPFA6kva32kvALmAwkMt4hc6vxl\/\",\"https:\/\/www.instagram.com\/giromagico360video\/\",\"https:\/\/www.tiktok.com\/@giromagico360video\"]}]}<\/script>\n<!-- \/ Yoast SEO Premium plugin. -->","yoast_head_json":{"title":"Aviso legal - Giro M\u00e1gico","robots":{"index":"index","follow":"follow","max-snippet":"max-snippet:-1","max-image-preview":"max-image-preview:large","max-video-preview":"max-video-preview:-1"},"canonical":"https:\/\/giromagico.com\/en\/","og_locale":"en_GB","og_type":"article","og_title":"Aviso legal","og_description":"Identificaci\u00f3n Fiscal y de Contacto: Responsable de la empresa: Silvia Ramos Castro (en adelante Giro M\u00e1gico) CIF: 70938384T Domicilio: Calle El Regalo, S\/N 10700 Hev\u00e1s (C\u00e1ceres) Objeto: Este aviso legal regula el uso y la utilizaci\u00f3n del sitio web&nbsp;giromagico.com, del que es titular Giro M\u00e1gico. Propiedad Intelectual e Industrial: El&nbsp;contenido de este sitio web, incluyendo, [&hellip;]","og_url":"https:\/\/giromagico.com\/en\/","og_site_name":"Giro M\u00e1gico","article_publisher":"https:\/\/www.facebook.com\/people\/Giro-Mgico\/pfbid0rbadr7hX81hxW5gEr6qvNoCbZtjtLPCmwwrF5joPFA6kva32kvALmAwkMt4hc6vxl\/","article_modified_time":"2024-03-08T16:43:43+00:00","twitter_card":"summary_large_image","twitter_misc":{"Estimated reading time":"2 minutes"},"schema":{"@context":"https:\/\/schema.org","@graph":[{"@type":"WebPage","@id":"https:\/\/giromagico.com\/","url":"https:\/\/giromagico.com\/","name":"Aviso legal - Giro M\u00e1gico","isPartOf":{"@id":"https:\/\/giromagico.com\/#website"},"datePublished":"2024-03-04T16:34:19+00:00","dateModified":"2024-03-08T16:43:43+00:00","breadcrumb":{"@id":"https:\/\/giromagico.com\/#breadcrumb"},"inLanguage":"en-GB","potentialAction":[{"@type":"ReadAction","target":["https:\/\/giromagico.com\/"]}]},{"@type":"BreadcrumbList","@id":"https:\/\/giromagico.com\/#breadcrumb","itemListElement":[{"@type":"ListItem","position":1,"name":"Portada","item":"https:\/\/giromagico.com\/"},{"@type":"ListItem","position":2,"name":"Aviso legal"}]},{"@type":"WebSite","@id":"https:\/\/giromagico.com\/#website","url":"https:\/\/giromagico.com\/","name":"Magic Spin","description":"DO YOU WANT TO HAVE AN ORIGINAL AND FUN SOUVENIR OF YOUR PARTY?","publisher":{"@id":"https:\/\/giromagico.com\/#organization"},"potentialAction":[{"@type":"SearchAction","target":{"@type":"EntryPoint","urlTemplate":"https:\/\/giromagico.com\/?s={search_term_string}"},"query-input":{"@type":"PropertyValueSpecification","valueRequired":true,"valueName":"search_term_string"}}],"inLanguage":"en-GB"},{"@type":"Organization","@id":"https:\/\/giromagico.com\/#organization","name":"Magic Spin","url":"https:\/\/giromagico.com\/","logo":{"@type":"ImageObject","inLanguage":"en-GB","@id":"https:\/\/giromagico.com\/#\/schema\/logo\/image\/","url":"https:\/\/giromagico.com\/wp-content\/uploads\/2024\/02\/NO_USAR-removebg-preview.png","contentUrl":"https:\/\/giromagico.com\/wp-content\/uploads\/2024\/02\/NO_USAR-removebg-preview.png","width":320,"height":320,"caption":"Giro M\u00e1gico"},"image":{"@id":"https:\/\/giromagico.com\/#\/schema\/logo\/image\/"},"sameAs":["https:\/\/www.facebook.com\/people\/Giro-Mgico\/pfbid0rbadr7hX81hxW5gEr6qvNoCbZtjtLPCmwwrF5joPFA6kva32kvALmAwkMt4hc6vxl\/","https:\/\/www.instagram.com\/giromagico360video\/","https:\/\/www.tiktok.com\/@giromagico360video"]}]}},"_links":{"self":[{"href":"https:\/\/giromagico.com\/en\/wp-json\/wp\/v2\/pages\/532","targetHints":{"allow":["GET"]}}],"collection":[{"href":"https:\/\/giromagico.com\/en\/wp-json\/wp\/v2\/pages"}],"about":[{"href":"https:\/\/giromagico.com\/en\/wp-json\/wp\/v2\/types\/page"}],"author":[{"embeddable":true,"href":"https:\/\/giromagico.com\/en\/wp-json\/wp\/v2\/users\/2"}],"replies":[{"embeddable":true,"href":"https:\/\/giromagico.com\/en\/wp-json\/wp\/v2\/comments?post=532"}],"version-history":[{"count":7,"href":"https:\/\/giromagico.com\/en\/wp-json\/wp\/v2\/pages\/532\/revisions"}],"predecessor-version":[{"id":624,"href":"https:\/\/giromagico.com\/en\/wp-json\/wp\/v2\/pages\/532\/revisions\/624"}],"wp:attachment":[{"href":"https:\/\/giromagico.com\/en\/wp-json\/wp\/v2\/media?parent=532"}],"curies":[{"name":"wp","href":"https:\/\/api.w.org\/{rel}","templated":true}]}}