{"id":488,"date":"2024-03-01T13:37:18","date_gmt":"2024-03-01T12:37:18","guid":{"rendered":"https:\/\/giromagico.com\/?page_id=488"},"modified":"2024-03-04T17:30:38","modified_gmt":"2024-03-04T16:30:38","slug":"politica-de-cookies","status":"publish","type":"page","link":"https:\/\/giromagico.com\/en\/politica-de-cookies\/","title":{"rendered":"Cookies policy"},"content":{"rendered":"<div data-elementor-type=\"wp-page\" data-elementor-id=\"488\" class=\"elementor elementor-488\" data-elementor-post-type=\"page\">\n\t\t\t\t\t\t<section class=\"elementor-section elementor-top-section elementor-element elementor-element-3ff1b27c elementor-section-full_width elementor-section-height-default elementor-section-height-default\" data-id=\"3ff1b27c\" data-element_type=\"section\" data-settings=\"{&quot;background_background&quot;:&quot;classic&quot;}\">\n\t\t\t\t\t\t\t<div class=\"elementor-background-overlay\"><\/div>\n\t\t\t\t\t\t\t<div class=\"elementor-container elementor-column-gap-default\">\n\t\t\t\t\t<div class=\"elementor-column elementor-col-100 elementor-top-column elementor-element elementor-element-24b10bb\" data-id=\"24b10bb\" data-element_type=\"column\" data-settings=\"{&quot;background_background&quot;:&quot;classic&quot;}\">\n\t\t\t<div class=\"elementor-widget-wrap elementor-element-populated\">\n\t\t\t\t\t\t<section class=\"elementor-section elementor-inner-section elementor-element elementor-element-7aad160e elementor-section-boxed elementor-section-height-default elementor-section-height-default\" data-id=\"7aad160e\" data-element_type=\"section\">\n\t\t\t\t\t\t<div class=\"elementor-container elementor-column-gap-default\">\n\t\t\t\t\t<div class=\"elementor-column elementor-col-100 elementor-inner-column elementor-element elementor-element-2c82f52f\" data-id=\"2c82f52f\" data-element_type=\"column\">\n\t\t\t<div class=\"elementor-widget-wrap elementor-element-populated\">\n\t\t\t\t\t\t<div class=\"elementor-element elementor-element-2a184889 animated-slow elementor-view-default elementor-invisible elementor-widget elementor-widget-icon\" data-id=\"2a184889\" data-element_type=\"widget\" data-settings=\"{&quot;_animation&quot;:&quot;zoomIn&quot;}\" data-widget_type=\"icon.default\">\n\t\t\t\t<div class=\"elementor-widget-container\">\n\t\t\t\t\t\t\t<div class=\"elementor-icon-wrapper\">\n\t\t\t<div class=\"elementor-icon\">\n\t\t\t<i aria-hidden=\"true\" class=\"icofont icofont-tree-alt\"><\/i>\t\t\t<\/div>\n\t\t<\/div>\n\t\t\t\t\t\t<\/div>\n\t\t\t\t<\/div>\n\t\t\t\t<div class=\"elementor-element elementor-element-6557cc81 elementor-invisible elementor-widget elementor-widget-heading\" data-id=\"6557cc81\" data-element_type=\"widget\" data-settings=\"{&quot;_animation&quot;:&quot;fadeInUp&quot;}\" data-widget_type=\"heading.default\">\n\t\t\t\t<div class=\"elementor-widget-container\">\n\t\t\t\t\t<h1 class=\"elementor-heading-title elementor-size-default\">Cookies policy<\/h1>\t\t\t\t<\/div>\n\t\t\t\t<\/div>\n\t\t\t\t\t<\/div>\n\t\t<\/div>\n\t\t\t\t\t<\/div>\n\t\t<\/section>\n\t\t\t\t\t<\/div>\n\t\t<\/div>\n\t\t\t\t\t<\/div>\n\t\t<\/section>\n\t\t<div class=\"elementor-element elementor-element-a91215c e-flex e-con-boxed e-con e-parent\" data-id=\"a91215c\" data-element_type=\"container\">\n\t\t\t\t\t<div class=\"e-con-inner\">\n\t\t\t\t<div class=\"elementor-element elementor-element-3c8c4f9 elementor-widget elementor-widget-text-editor\" data-id=\"3c8c4f9\" data-element_type=\"widget\" data-widget_type=\"text-editor.default\">\n\t\t\t\t<div class=\"elementor-widget-container\">\n\t\t\t\t\t\t\t\t\t<p><b>1. Introduction<\/b><\/p>\n<p>At Giromagico.com, we use cookies to improve our users&#039; experience, provide personalized services and analyze our site traffic. This Cookies Policy explains what cookies are, how we use them on our site and the options you have to manage them.<\/p>\n<p><b>2. What are Cookies?<\/b><\/p>\n<p>Cookies are small text files that websites store on your device when you visit them. These cookies are used to remember your preferences, improve your browsing experience and collect analytical information.<\/p>\n<p><b>3. Types of Cookies Used<\/b><\/p>\n<p>We use several types of cookies on our site:<\/p>\n<ul>\n<li>Essential Cookies: They are necessary for the basic functioning of the site and cannot be disabled.<\/li>\n<li>Performance Cookies: They help us understand how visitors interact with the site, providing information about the areas visited, the time of visit and any problems encountered, such as error messages.<\/li>\n<li>Functionality Cookies: These allow the site to remember choices you make (such as your username, language or the region you are in) and provide enhanced, personalized features.&nbsp;<\/li><\/ul>\n<div>&nbsp;<\/div>\n<p><b>4. Cookie Management<\/b><\/p>\n<p>You can manage and control cookies through your browser settings. Most browsers allow you to:<\/p>\n<ul>\n<li>See the cookies you have and delete them individually<\/li>\n<li>Block third party cookies<\/li>\n<li>Block cookies from specific websites<\/li>\n<li>Block all cookies<\/li>\n<li>Delete all cookies when closing the browser<\/li>\n<\/ul>\n<p>For instructions on how to configure cookie management in your browser, please consult the help section of your browser.<\/p>\n<p><b>5. Cookie Consent<\/b><\/p>\n<p>By using our site, you consent to the use of cookies in accordance with this Cookie Policy. If you decide to block or delete cookies, this may affect your user experience and some parts of the site may not function fully.<\/p>\n<p><b>6. Changes in the Cookies Policy<\/b><\/p>\n<p>We reserve the right to modify this Cookies Policy at any time. Any changes will be posted on this page and will be effective from the time of posting.<\/p>\n<p><b>7. Contact<\/b><b style=\"text-align: var(--text-align); color: var( --e-global-color-primary ); font-family: var( --e-global-typography-b2ce6af-font-family ), Sans-serif; font-size: var( --e-global-typography-b2ce6af-font-size ); font-style: var( --e-global-typography-b2ce6af-font-style ); letter-spacing: var( --e-global-typography-b2ce6af-letter-spacing ); text-transform: var( --e-global-typography-b2ce6af-text-transform ); word-spacing: var( --e-global-typography-b2ce6af-word-spacing );\">&nbsp;<\/b><\/p>\n<p>If you have questions about our Cookies Policy, please contact us at info@giromagico.com or 642890359.<\/p>\t\t\t\t\t\t\t\t<\/div>\n\t\t\t\t<\/div>\n\t\t\t\t\t<\/div>\n\t\t\t\t<\/div>\n\t\t\t\t<\/div>","protected":false},"excerpt":{"rendered":"<p>1. Introduction At giromagico.com, we use cookies to improve our users&#039; experience, provide personalized services and analyze our site traffic. This Cookies Policy explains what cookies are, how we use them on our site and the options you have to manage them. 2. What are Cookies? Cookies are small files [\u2026]<\/p>","protected":false},"author":2,"featured_media":0,"parent":0,"menu_order":0,"comment_status":"closed","ping_status":"closed","template":"elementor_header_footer","meta":{"_joinchat":[],"footnotes":""},"class_list":["post-488","page","type-page","status-publish","hentry"],"yoast_head":"<!-- This site is optimized with the Yoast SEO Premium plugin v22.0 (Yoast SEO v26.7) - https:\/\/yoast.com\/wordpress\/plugins\/seo\/ -->\n<title>Pol\u00edtica de cookies - Giro M\u00e1gico<\/title>\n<meta name=\"robots\" content=\"index, follow, max-snippet:-1, max-image-preview:large, max-video-preview:-1\" \/>\n<link rel=\"canonical\" href=\"https:\/\/giromagico.com\/en\/politica-de-cookies\/\" \/>\n<meta property=\"og:locale\" content=\"en_GB\" \/>\n<meta property=\"og:type\" content=\"article\" \/>\n<meta property=\"og:title\" content=\"Pol\u00edtica de cookies\" \/>\n<meta property=\"og:description\" content=\"1. Introducci\u00f3n En giromagico.com, utilizamos cookies para mejorar la experiencia de nuestros usuarios, proporcionar servicios personalizados y analizar el tr\u00e1fico de nuestro sitio. Esta Pol\u00edtica de Cookies explica qu\u00e9 son las cookies, c\u00f3mo las usamos en nuestro sitio y las opciones que tienes para gestionarlas. 2. \u00bfQu\u00e9 son las Cookies? Las cookies son peque\u00f1os archivos [&hellip;]\" \/>\n<meta property=\"og:url\" content=\"https:\/\/giromagico.com\/en\/politica-de-cookies\/\" \/>\n<meta property=\"og:site_name\" content=\"Giro M\u00e1gico\" \/>\n<meta property=\"article:publisher\" content=\"https:\/\/www.facebook.com\/people\/Giro-Mgico\/pfbid0rbadr7hX81hxW5gEr6qvNoCbZtjtLPCmwwrF5joPFA6kva32kvALmAwkMt4hc6vxl\/\" \/>\n<meta property=\"article:modified_time\" content=\"2024-03-04T16:30:38+00:00\" \/>\n<meta name=\"twitter:card\" content=\"summary_large_image\" \/>\n<meta name=\"twitter:label1\" content=\"Estimated reading time\" \/>\n\t<meta name=\"twitter:data1\" content=\"2 minutes\" \/>\n<script type=\"application\/ld+json\" class=\"yoast-schema-graph\">{\"@context\":\"https:\/\/schema.org\",\"@graph\":[{\"@type\":\"WebPage\",\"@id\":\"https:\/\/giromagico.com\/politica-de-cookies\/\",\"url\":\"https:\/\/giromagico.com\/politica-de-cookies\/\",\"name\":\"Pol\u00edtica de cookies - Giro M\u00e1gico\",\"isPartOf\":{\"@id\":\"https:\/\/giromagico.com\/#website\"},\"datePublished\":\"2024-03-01T12:37:18+00:00\",\"dateModified\":\"2024-03-04T16:30:38+00:00\",\"breadcrumb\":{\"@id\":\"https:\/\/giromagico.com\/politica-de-cookies\/#breadcrumb\"},\"inLanguage\":\"en-GB\",\"potentialAction\":[{\"@type\":\"ReadAction\",\"target\":[\"https:\/\/giromagico.com\/politica-de-cookies\/\"]}]},{\"@type\":\"BreadcrumbList\",\"@id\":\"https:\/\/giromagico.com\/politica-de-cookies\/#breadcrumb\",\"itemListElement\":[{\"@type\":\"ListItem\",\"position\":1,\"name\":\"Portada\",\"item\":\"https:\/\/giromagico.com\/\"},{\"@type\":\"ListItem\",\"position\":2,\"name\":\"Pol\u00edtica de cookies\"}]},{\"@type\":\"WebSite\",\"@id\":\"https:\/\/giromagico.com\/#website\",\"url\":\"https:\/\/giromagico.com\/\",\"name\":\"Giro M\u00e1gico\",\"description\":\"\u00bf QUIERES TENER UN RECUERDO ORIGINAL Y DIVERTIDO DE TU FIESTA?\",\"publisher\":{\"@id\":\"https:\/\/giromagico.com\/#organization\"},\"potentialAction\":[{\"@type\":\"SearchAction\",\"target\":{\"@type\":\"EntryPoint\",\"urlTemplate\":\"https:\/\/giromagico.com\/?s={search_term_string}\"},\"query-input\":{\"@type\":\"PropertyValueSpecification\",\"valueRequired\":true,\"valueName\":\"search_term_string\"}}],\"inLanguage\":\"en-GB\"},{\"@type\":\"Organization\",\"@id\":\"https:\/\/giromagico.com\/#organization\",\"name\":\"Giro M\u00e1gico\",\"url\":\"https:\/\/giromagico.com\/\",\"logo\":{\"@type\":\"ImageObject\",\"inLanguage\":\"en-GB\",\"@id\":\"https:\/\/giromagico.com\/#\/schema\/logo\/image\/\",\"url\":\"https:\/\/giromagico.com\/wp-content\/uploads\/2024\/02\/NO_USAR-removebg-preview.png\",\"contentUrl\":\"https:\/\/giromagico.com\/wp-content\/uploads\/2024\/02\/NO_USAR-removebg-preview.png\",\"width\":320,\"height\":320,\"caption\":\"Giro M\u00e1gico\"},\"image\":{\"@id\":\"https:\/\/giromagico.com\/#\/schema\/logo\/image\/\"},\"sameAs\":[\"https:\/\/www.facebook.com\/people\/Giro-Mgico\/pfbid0rbadr7hX81hxW5gEr6qvNoCbZtjtLPCmwwrF5joPFA6kva32kvALmAwkMt4hc6vxl\/\",\"https:\/\/www.instagram.com\/giromagico360video\/\",\"https:\/\/www.tiktok.com\/@giromagico360video\"]}]}<\/script>\n<!-- \/ Yoast SEO Premium plugin. -->","yoast_head_json":{"title":"Pol\u00edtica de cookies - Giro M\u00e1gico","robots":{"index":"index","follow":"follow","max-snippet":"max-snippet:-1","max-image-preview":"max-image-preview:large","max-video-preview":"max-video-preview:-1"},"canonical":"https:\/\/giromagico.com\/en\/politica-de-cookies\/","og_locale":"en_GB","og_type":"article","og_title":"Pol\u00edtica de cookies","og_description":"1. Introducci\u00f3n En giromagico.com, utilizamos cookies para mejorar la experiencia de nuestros usuarios, proporcionar servicios personalizados y analizar el tr\u00e1fico de nuestro sitio. Esta Pol\u00edtica de Cookies explica qu\u00e9 son las cookies, c\u00f3mo las usamos en nuestro sitio y las opciones que tienes para gestionarlas. 2. \u00bfQu\u00e9 son las Cookies? Las cookies son peque\u00f1os archivos [&hellip;]","og_url":"https:\/\/giromagico.com\/en\/politica-de-cookies\/","og_site_name":"Giro M\u00e1gico","article_publisher":"https:\/\/www.facebook.com\/people\/Giro-Mgico\/pfbid0rbadr7hX81hxW5gEr6qvNoCbZtjtLPCmwwrF5joPFA6kva32kvALmAwkMt4hc6vxl\/","article_modified_time":"2024-03-04T16:30:38+00:00","twitter_card":"summary_large_image","twitter_misc":{"Estimated reading time":"2 minutes"},"schema":{"@context":"https:\/\/schema.org","@graph":[{"@type":"WebPage","@id":"https:\/\/giromagico.com\/politica-de-cookies\/","url":"https:\/\/giromagico.com\/politica-de-cookies\/","name":"Pol\u00edtica de cookies - Giro M\u00e1gico","isPartOf":{"@id":"https:\/\/giromagico.com\/#website"},"datePublished":"2024-03-01T12:37:18+00:00","dateModified":"2024-03-04T16:30:38+00:00","breadcrumb":{"@id":"https:\/\/giromagico.com\/politica-de-cookies\/#breadcrumb"},"inLanguage":"en-GB","potentialAction":[{"@type":"ReadAction","target":["https:\/\/giromagico.com\/politica-de-cookies\/"]}]},{"@type":"BreadcrumbList","@id":"https:\/\/giromagico.com\/politica-de-cookies\/#breadcrumb","itemListElement":[{"@type":"ListItem","position":1,"name":"Portada","item":"https:\/\/giromagico.com\/"},{"@type":"ListItem","position":2,"name":"Pol\u00edtica de cookies"}]},{"@type":"WebSite","@id":"https:\/\/giromagico.com\/#website","url":"https:\/\/giromagico.com\/","name":"Magic Spin","description":"DO YOU WANT TO HAVE AN ORIGINAL AND FUN SOUVENIR OF YOUR PARTY?","publisher":{"@id":"https:\/\/giromagico.com\/#organization"},"potentialAction":[{"@type":"SearchAction","target":{"@type":"EntryPoint","urlTemplate":"https:\/\/giromagico.com\/?s={search_term_string}"},"query-input":{"@type":"PropertyValueSpecification","valueRequired":true,"valueName":"search_term_string"}}],"inLanguage":"en-GB"},{"@type":"Organization","@id":"https:\/\/giromagico.com\/#organization","name":"Magic Spin","url":"https:\/\/giromagico.com\/","logo":{"@type":"ImageObject","inLanguage":"en-GB","@id":"https:\/\/giromagico.com\/#\/schema\/logo\/image\/","url":"https:\/\/giromagico.com\/wp-content\/uploads\/2024\/02\/NO_USAR-removebg-preview.png","contentUrl":"https:\/\/giromagico.com\/wp-content\/uploads\/2024\/02\/NO_USAR-removebg-preview.png","width":320,"height":320,"caption":"Giro M\u00e1gico"},"image":{"@id":"https:\/\/giromagico.com\/#\/schema\/logo\/image\/"},"sameAs":["https:\/\/www.facebook.com\/people\/Giro-Mgico\/pfbid0rbadr7hX81hxW5gEr6qvNoCbZtjtLPCmwwrF5joPFA6kva32kvALmAwkMt4hc6vxl\/","https:\/\/www.instagram.com\/giromagico360video\/","https:\/\/www.tiktok.com\/@giromagico360video"]}]}},"_links":{"self":[{"href":"https:\/\/giromagico.com\/en\/wp-json\/wp\/v2\/pages\/488","targetHints":{"allow":["GET"]}}],"collection":[{"href":"https:\/\/giromagico.com\/en\/wp-json\/wp\/v2\/pages"}],"about":[{"href":"https:\/\/giromagico.com\/en\/wp-json\/wp\/v2\/types\/page"}],"author":[{"embeddable":true,"href":"https:\/\/giromagico.com\/en\/wp-json\/wp\/v2\/users\/2"}],"replies":[{"embeddable":true,"href":"https:\/\/giromagico.com\/en\/wp-json\/wp\/v2\/comments?post=488"}],"version-history":[{"count":7,"href":"https:\/\/giromagico.com\/en\/wp-json\/wp\/v2\/pages\/488\/revisions"}],"predecessor-version":[{"id":531,"href":"https:\/\/giromagico.com\/en\/wp-json\/wp\/v2\/pages\/488\/revisions\/531"}],"wp:attachment":[{"href":"https:\/\/giromagico.com\/en\/wp-json\/wp\/v2\/media?parent=488"}],"curies":[{"name":"wp","href":"https:\/\/api.w.org\/{rel}","templated":true}]}}